{"id":1278,"date":"2022-06-29T22:35:17","date_gmt":"2022-06-29T21:35:17","guid":{"rendered":"https:\/\/www.jabbadub.com\/?page_id=1278"},"modified":"2025-12-03T08:07:38","modified_gmt":"2025-12-03T07:07:38","slug":"live","status":"publish","type":"page","link":"https:\/\/www.jabbadub.com\/?page_id=1278","title":{"rendered":"LIVE"},"content":{"rendered":"<table border=\"0\" width=\"845\" height=\"15\">\n<tbody>\n<tr>\n<td style=\"text-align: center;\" bgcolor=\"#666666\"><strong><span style=\"color: #ffcc00;\">LIVE<\/span><\/strong><\/td>\n<\/tr>\n<\/tbody>\n<\/table>\n\n\n<figure class=\"wp-block-image size-large\"><img loading=\"lazy\" decoding=\"async\" width=\"1024\" height=\"287\" src=\"https:\/\/www.jabbadub.com\/wp-content\/uploads\/2022\/06\/237774897_2645984035698247_6640817956632406206_n-1024x287.jpg\" alt=\"\" class=\"wp-image-1284\" srcset=\"https:\/\/www.jabbadub.com\/wp-content\/uploads\/2022\/06\/237774897_2645984035698247_6640817956632406206_n-1024x287.jpg 1024w, https:\/\/www.jabbadub.com\/wp-content\/uploads\/2022\/06\/237774897_2645984035698247_6640817956632406206_n-600x168.jpg 600w, https:\/\/www.jabbadub.com\/wp-content\/uploads\/2022\/06\/237774897_2645984035698247_6640817956632406206_n-300x84.jpg 300w, https:\/\/www.jabbadub.com\/wp-content\/uploads\/2022\/06\/237774897_2645984035698247_6640817956632406206_n-768x215.jpg 768w, https:\/\/www.jabbadub.com\/wp-content\/uploads\/2022\/06\/237774897_2645984035698247_6640817956632406206_n-1536x430.jpg 1536w, https:\/\/www.jabbadub.com\/wp-content\/uploads\/2022\/06\/237774897_2645984035698247_6640817956632406206_n.jpg 2036w\" sizes=\"auto, (max-width: 1024px) 100vw, 1024px\" \/><\/figure>\n\n<p><b>2025<\/b>:<\/p>\n\n<p>05.11 &#8211; Urodziny Zamek Nadaje, Jawor (PL)<\/P>\n<p>08.11 &#8211; 40birthday Mista B, Wroc\u0142aw (PL) <\/P>\n<p>07.11 &#8211; Subwise Cross Club, Prague (CZ)<\/P>\n<p>16.08 &#8211; Dub&#8217;N&#8217;Bass Wolimierz (PL)<\/P>\n<p>09.08 &#8211; Pozytywne Granie w Stolicy Polskiego Reggae B\u0105k\u00f3w (PL)<\/p>\n<p>25.07 &#8211; Ostr\u00f3da Reggae Festiwal (PL)  <\/p>\n<p>19.07 &#8211; Dubjam Reinsberg 2025 (AT)\n<p>12.07 &#8211; Totem Festiwal Przy\u0142\u0119k (PL)<\/p>\n<p>21.06 &#8211; Pryvatka Wroc\u0142aw  <\/p>\n<p>10.05 &#8211; Bass Society Session Krak\u00f3w (PL)<\/p>\n<p>05.04 &#8211; Dub Intruda Tour Krak\u00f3w (PL)<\/p>\n<p>04.04 &#8211; Dub Intruda Tour Opole (PL)<\/p>\n<p>29.03 &#8211; Dub Intruda Tour Ostr\u00f3w Wlkp. (PL)<\/p>\n<p>28.03 &#8211; Dub Intruda Tour Warszawa (PL)<\/p>\n<p>15.02 &#8211; Bob Marley&#8217;s Night Warszawa (PL)<\/p>\n<p>08.02 &#8211; Pandadread Sound System Session Gda\u0144sk (PL)<\/p>\n<p><b>2024<\/b>:<\/p>\n<p>14.12 &#8211; TBA<\/p>\n<p>06.12 &#8211; F16 Sound System Birthday Bash<\/p>\n<p>30.11 &#8211; Nantes (FR)<\/p>\n<p>29.11 &#8211; Vitre (FR)<\/p>\n<p>28.11 &#8211; Tours (FR)<\/p>\n<p>10.11 &#8211; 20th Birthday Party Rise Up! Sound Cz\u0119stochowa (PL)<\/p>\n\n\n<p>26.10 &#8211; 18th Birthday Party<\/p>\n\n\n\n<p>16.08 &#8211; Dub&#8217;n&#8217;Bass Weekender Wolimierz<\/p>\n\n\n\n<p>13.07 &#8211; Czochraj Bobra Fest Namys\u0142\u00f3w<\/p>\n\n\n\n<p>29.06 &#8211; Bass Tent Las Festival<\/p>\n\n\n\n<p>07.06 &#8211; Culture Reggae Vibes Horice (CZ)<\/p>\n\n\n\n<p>19.05 &#8211; Weedweek Days \u0141\u00f3d\u017a<\/p>\n\n\n\n<p>18.05 &#8211; Dub Nad Wd\u0105<\/p>\n\n\n\n<p>11.05 &#8211; Krak\u00f3w Laboratorium<\/p>\n\n\n\n<p>03.05 &#8211; Osada Le\u015bnego Dziada<\/p>\n\n\n\n<p>24.02 &#8211; SHUT UP AND DUB Warszawa<\/p>\n\n\n\n<p><strong>2023:<\/strong><\/p>\n\n\n\n<p>13.10 \u2013 Lion Session (Wroc\u0142aw)<\/p>\n\n\n\n<p>23.09 \u2013 JAH LOVE SOUNDSYSTEM 14th Earthstrong Bash:JABBADUB new album release party (Warszawa)<\/p>\n\n\n\n<p>25.08 \u2013 Dub Temple (Krak\u00f3w)<\/p>\n\n\n\n<p>19.08 \u2013 Dub\u2019N\u2019Bass vol.4 (Wolimierz)<\/p>\n\n\n\n<p>12.08 \u2013 Peunia Festival (secret location)<\/p>\n\n\n\n<p>14.07 \u2013 Czochraj Bobra Fest (Namys\u0142\u00f3w)<\/p>\n\n\n\n<p>26.05 \u2013 Lion Session (Wroc\u0142aw)<\/p>\n\n\n\n<p>29.04 \u2013 Universe Dubz (Krak\u00f3w)<\/p>\n\n\n\n<p>06.04 \u2013 Time To Seed (Prague)<\/p>\n\n\n\n<p><strong>2022:<\/strong><\/p>\n\n\n\n<p>03.12 \u2013 Lion Session (Wroc\u0142aw)<\/p>\n\n\n\n<p>02.12 \u2013 I urodziny Radia Zamek Nadaje (Jawor)<\/p>\n\n\n\n<p>19.11 \u2013 Get Up! Festival (Bydgoszcz)<\/p>\n\n\n\n<p>14.10 \u2013 Dub Session (Wroc\u0142aw<\/p>\n\n\n\n<p>07.10 \u2013 Tetra Hydro K Odyss\u00e9e Launch Party (Opole)<\/p>\n\n\n\n<p>20.08 \u2013 Dub\u2019n\u2019Bass Weekender (Wolimierz)<\/p>\n\n\n\n<p>13.08 \u2013 Soundsystem Street Festival (Zgorzelec)<\/p>\n\n\n\n<p>16.07 \u2013 CBF 2022 (Namys\u0142\u00f3w)<\/p>\n\n\n\n<p>09.07 \u2013 ORF Green Stage 2022 (Ostr\u00f3da)<\/p>\n\n\n\n<p>24.06 \u2013 Bass GRaj Festival (Morzysz\u00f3w)<\/p>\n\n\n\n<p>28.05 \u2013 Jah Love Soundsystem in Open air Session (Warszawa)<\/p>\n\n\n\n<p>22.04 \u2013 Wroclove Dubbers For Refugees (Wroc\u0142aw)<\/p>\n\n\n\n<p>26.03 \u2013 Powitanie Wiosny Lud\u00f3w na Zamek Nadaje (Jawor)<\/p>\n\n\n\n<p>18.03 \u2013 Silence Sound System Session (Krak\u00f3w)<\/p>\n\n\n\n<p>12.03 \u2013 Monastery of Dub (Wroc\u0142aw)<\/p>\n\n\n\n<p>11.02 \u2013 Dub It (Pozna\u0144)<\/p>\n\n\n\n<p><strong>2021:<\/strong><\/p>\n\n\n\n<p>11.12 \u2013 My Dub is Jungle (Katowice)<\/p>\n\n\n\n<p>04.12 \u2013 Bar Boorka in Dub (Pie\u0144sk)<\/p>\n\n\n\n<p>20.11 \u2013 Reggae vibe Osterdam (Ostr\u00f3w Wlkp.)<\/p>\n\n\n\n<p>13.11 \u2013 XV Urodziny Jabbadub (Wroc\u0142aw)<\/p>\n\n\n\n<p>10.11 \u2013 Mieszane Sztuki Basu (Bydgoszcz)<\/p>\n\n\n\n<p>16.10 \u2013 Jah Love Sound System in Session (Warszawa)<\/p>\n\n\n\n<p>28.08 \u2013 Basstwisko (Lipie \u2013 Bieszczady)<\/p>\n\n\n\n<p>14.08 \u2013 Soundsystem Street Festival 2021 (Zgorzelec)<\/p>\n\n\n\n<p>13.08 \u2013 DrumBasstion (Srebrna G\u00f3ra)<\/p>\n\n\n\n<p>06.08 \u2013 Dub\u2019N\u2019Bass (Wolimierz)<\/p>\n\n\n\n<p>24.07 \u2013 Dubova Bicka (Wolimierz)<\/p>\n\n\n\n<p>16.07 \u2013 Czochraj Bobra Fest (Namys\u0142\u00f3w)<\/p>\n\n\n\n<p><strong>2020:<\/strong><\/p>\n\n\n\n<p>30.10 \u2013 Dub Meeting, Bydgoszcz (PL)<\/p>\n\n\n\n<p>19.09 \u2013 Dub Temple, Krak\u00f3w (PL)<\/p>\n\n\n\n<p>29.08 \u2013 LAS Festival Bass Stage, Paczyn (PL)<\/p>\n\n\n\n<p>22.08 \u2013 Wegetariada, Jawor (PL)<\/p>\n\n\n\n<p>31.07 \u2013 United Bass Fest, G\u00f3ry Izerskie (PL)<\/p>\n\n\n\n<p>3.07 \u2013 Las Festival Bass Tent, Paczyn (PL)<\/p>\n\n\n\n<p>10.05 \u2013 AFTRWRK Online Festival (Worldwide)<\/p>\n\n\n\n<p>14.03 \u2013 Dub Temple, Krak\u00f3w (PL)<\/p>\n\n\n\n<p>25.01 \u2013 Jah Love Sound System in Session, Warszawa (PL)<\/p>\n\n\n\n<p>24.01 \u2013 Lublin (PL)<\/p>\n\n\n\n<p>11.01 \u2013 Lion Session: Vibrations Launch Party, Wroc\u0142aw<\/p>\n\n\n\n<p><strong>2019:<\/strong><\/p>\n\n\n\n<p>26.10 \u2013 Opole (PL)<\/p>\n\n\n\n<p>25.10 \u2013 Spotkanie wroc\u0142awskich Selektor\u00f3w, Wroc\u0142aw (PL)<\/p>\n\n\n\n<p>5.10 \u2013 Tr\u00f3jmiejski Dub Weekender 2019, Gda\u0144sk (PL)<\/p>\n\n\n\n<p>7.09 \u2013 Tribe In The Forest, Bardo (PL)<\/p>\n\n\n\n<p>4-7.07 \u2013 Boski Fest 2019, Bydgoszcz (PL)<\/p>\n\n\n\n<p>1.06 \u2013 Reggae nad Wis\u0142okiem, Rzesz\u00f3w (PL)<\/p>\n\n\n\n<p>18.05 \u2013 The Visions Festival, Wroc\u0142aw (PL)<\/p>\n","protected":false},"excerpt":{"rendered":"<p>LIVE 2025: 05.11 &#8211; Urodziny Zamek Nadaje, Jawor (PL) 08.11 &#8211; 40birthday Mista B, Wroc\u0142aw (PL) 07.11 &#8211; Subwise Cross Club, Prague (CZ) 16.08 &#8211; Dub&#8217;N&#8217;Bass Wolimierz (PL) 09.08 &#8211; Pozytywne Granie w Stolicy Polskiego Reggae B\u0105k\u00f3w (PL) 25.07 &#8211; Ostr\u00f3da Reggae Festiwal (PL) 19.07 &#8211; Dubjam Reinsberg 2025 (AT) [&hellip;]<\/p>\n","protected":false},"author":1,"featured_media":0,"parent":0,"menu_order":0,"comment_status":"closed","ping_status":"closed","template":"","meta":{"ngg_post_thumbnail":0,"footnotes":""},"class_list":["post-1278","page","type-page","status-publish","hentry"],"_links":{"self":[{"href":"https:\/\/www.jabbadub.com\/index.php?rest_route=\/wp\/v2\/pages\/1278","targetHints":{"allow":["GET"]}}],"collection":[{"href":"https:\/\/www.jabbadub.com\/index.php?rest_route=\/wp\/v2\/pages"}],"about":[{"href":"https:\/\/www.jabbadub.com\/index.php?rest_route=\/wp\/v2\/types\/page"}],"author":[{"embeddable":true,"href":"https:\/\/www.jabbadub.com\/index.php?rest_route=\/wp\/v2\/users\/1"}],"replies":[{"embeddable":true,"href":"https:\/\/www.jabbadub.com\/index.php?rest_route=%2Fwp%2Fv2%2Fcomments&post=1278"}],"version-history":[{"count":11,"href":"https:\/\/www.jabbadub.com\/index.php?rest_route=\/wp\/v2\/pages\/1278\/revisions"}],"predecessor-version":[{"id":1419,"href":"https:\/\/www.jabbadub.com\/index.php?rest_route=\/wp\/v2\/pages\/1278\/revisions\/1419"}],"wp:attachment":[{"href":"https:\/\/www.jabbadub.com\/index.php?rest_route=%2Fwp%2Fv2%2Fmedia&parent=1278"}],"curies":[{"name":"wp","href":"https:\/\/api.w.org\/{rel}","templated":true}]}}